{"id":2517,"date":"2025-06-16T10:17:45","date_gmt":"2025-06-16T08:17:45","guid":{"rendered":"https:\/\/frizzante-tienen.be\/politique-de-confidentialite\/"},"modified":"2025-07-27T12:30:55","modified_gmt":"2025-07-27T10:30:55","slug":"politique-de-confidentialite","status":"publish","type":"page","link":"https:\/\/frizzante-tienen.be\/fr\/politique-de-confidentialite\/","title":{"rendered":"Politique de confidentialit\u00e9"},"content":{"rendered":"<p>[et_pb_section fb_built=\u00a0\u00bb1&Prime; module_class=\u00a0\u00bbbanner\u00a0\u00bb _builder_version=\u00a0\u00bb4.27.4&Prime; _module_preset=\u00a0\u00bbdefault\u00a0\u00bb background_image=\u00a0\u00bbhttps:\/\/frizzante-tienen.be\/wp-content\/uploads\/2025\/06\/Frizzante_Tienen-1-scaled.jpg\u00a0\u00bb global_colors_info=\u00a0\u00bb{}\u00a0\u00bb][et_pb_row _builder_version=\u00a0\u00bb4.27.4&Prime; _module_preset=\u00a0\u00bbdefault\u00a0\u00bb global_colors_info=\u00a0\u00bb{}\u00a0\u00bb][et_pb_column type=\u00a0\u00bb4_4&Prime; _builder_version=\u00a0\u00bb4.27.4&Prime; _module_preset=\u00a0\u00bbdefault\u00a0\u00bb global_colors_info=\u00a0\u00bb{}\u00a0\u00bb][et_pb_text _builder_version=\u00a0\u00bb4.27.4&Prime; _module_preset=\u00a0\u00bbdefault\u00a0\u00bb header_text_color=\u00a0\u00bb#FFFFFF\u00a0\u00bb header_font_size=\u00a0\u00bb16em\u00a0\u00bb header_text_align_tablet=\u00a0\u00bb\u00a0\u00bb header_text_align_phone=\u00a0\u00bbcenter\u00a0\u00bb header_text_align_last_edited=\u00a0\u00bbon|desktop\u00a0\u00bb header_font_size_tablet=\u00a0\u00bb16em\u00a0\u00bb header_font_size_phone=\u00a0\u00bb6em\u00a0\u00bb header_font_size_last_edited=\u00a0\u00bbon|phone\u00a0\u00bb text_orientation_phone=\u00a0\u00bbleft\u00a0\u00bb text_orientation_last_edited=\u00a0\u00bboff|phone\u00a0\u00bb global_colors_info=\u00a0\u00bb{}\u00a0\u00bb]<\/p>\n<h1>Vie priv\u00e9e<\/h1>\n<p>[\/et_pb_text][\/et_pb_column][\/et_pb_row][\/et_pb_section][et_pb_section fb_built=\u00a0\u00bb1&Prime; module_class=\u00a0\u00bbcontenu\u00a0\u00bb _builder_version=\u00a0\u00bb4.27.4&Prime; _module_preset=\u00a0\u00bbdefault\u00a0\u00bb global_colors_info=\u00a0\u00bb{}\u00a0\u00bb][et_pb_row _builder_version=\u00a0\u00bb4.27.4&Prime; _module_preset=\u00a0\u00bbdefault\u00a0\u00bb global_colors_info=\u00a0\u00bb{}\u00a0\u00bb][et_pb_column type=\u00a0\u00bb4_4&Prime; _builder_version=\u00a0\u00bb4.27.4&Prime; _module_preset=\u00a0\u00bbdefault\u00a0\u00bb global_colors_info=\u00a0\u00bb{}\u00a0\u00bb][et_pb_text _builder_version=\u00a0\u00bb4.27.4&Prime; _module_preset=\u00a0\u00bbdefault\u00a0\u00bb global_colors_info=\u00a0\u00bb{}\u00a0\u00bb]<\/p>\n<h2>Politique de confidentialit\u00e9<\/h2>\n<h3>Introduction<\/h3>\n<p>Cette politique de confidentialit\u00e9 vise \u00e0 informer les visiteurs du site web <a href=\"https:\/\/frizzante-tienen.be\">https:\/\/frizzante-tienen.be<\/a> sur la mani\u00e8re dont leurs donn\u00e9es personnelles sont collect\u00e9es, utilis\u00e9es et prot\u00e9g\u00e9es, conform\u00e9ment au r\u00e8glement g\u00e9n\u00e9ral sur la protection des donn\u00e9es (RGPD &#8211; UE 2016\/679).<\/p>\n<h3>Contr\u00f4leur<\/h3>\n<p><strong>CdC Invest BV<\/strong><br \/>Nieuwstraat 8B<br \/>3370 Boutersem<br \/>Belgique<\/p>\n<p>D\u00e9l\u00e9gu\u00e9 \u00e0 la protection des donn\u00e9es (DPD) : Brit de Caluw\u00e9 <a href=\"mailto:dpo@frizzante-tienen.be\">&#8211; dpo@frizzante-tienen.be<\/a><\/p>\n<h3>Donn\u00e9es collect\u00e9es<\/h3>\n<p>Lorsque vous remplissez notre formulaire de contact, nous recueillons les donn\u00e9es suivantes :<\/p>\n<ul>\n<li>Nom<\/li>\n<li>Pr\u00e9nom<\/li>\n<li>Adresse \u00e9lectronique<\/li>\n<li>Num\u00e9ro de t\u00e9l\u00e9phone<\/li>\n<li>Champ de message libre<\/li>\n<\/ul>\n<p>Ces donn\u00e9es ne sont collect\u00e9es qu&rsquo;une fois que vous avez rempli le formulaire et que vous avez cliqu\u00e9 sur \u00ab\u00a0Envoyer\u00a0\u00bb.<\/p>\n<h3>Finalit\u00e9s du traitement<\/h3>\n<p>Les donn\u00e9es \u00e0 caract\u00e8re personnel sont trait\u00e9es aux fins suivantes :<\/p>\n<ul>\n<li>R\u00e9ponses \u00e0 vos questions ou demandes via le formulaire de contact.<\/li>\n<li>Contact dans le cadre d&rsquo;un \u00e9change professionnel ou commercial.<\/li>\n<li>Suivi de la communication sur une p\u00e9riode donn\u00e9e.<\/li>\n<\/ul>\n<p>Les donn\u00e9es ne seront pas utilis\u00e9es \u00e0 des fins de marketing non sollicit\u00e9 et ne seront pas transmises \u00e0 des tiers sans votre consentement.<\/p>\n<h3>Base juridique du traitement<\/h3>\n<p>Le traitement est fond\u00e9 sur l&rsquo;article 6, paragraphe 1, point a), du RGPD : votre consentement explicite, donn\u00e9 en cochant la case de consentement avant de soumettre le formulaire.<\/p>\n<h3>P\u00e9riode de conservation des donn\u00e9es<\/h3>\n<p>Vos donn\u00e9es seront conserv\u00e9es pendant une dur\u00e9e maximale de 12 mois \u00e0 compter de la r\u00e9ception de votre message, sauf en cas d&rsquo;obligation l\u00e9gale ou de poursuite de la relation.<\/p>\n<h3>Destinataires des donn\u00e9es<\/h3>\n<p>Les donn\u00e9es ne sont accessibles qu&rsquo;aux employ\u00e9s autoris\u00e9s de CdC Invest SA, dans le cadre de la gestion de la client\u00e8le, du suivi commercial ou \u00e0 des fins administratives.<br \/>Aucune donn\u00e9e ne sera transf\u00e9r\u00e9e en dehors de l&rsquo;Union europ\u00e9enne.<\/p>\n<h3>S\u00e9curit\u00e9 des donn\u00e9es<\/h3>\n<p>Nous prenons les mesures techniques et organisationnelles appropri\u00e9es pour garantir la confidentialit\u00e9, l&rsquo;int\u00e9grit\u00e9 et la disponibilit\u00e9 de vos donn\u00e9es, notamment par le biais d&rsquo;un h\u00e9bergement s\u00e9curis\u00e9, d&rsquo;une communication crypt\u00e9e (HTTPS) et d&rsquo;une protection de l&rsquo;acc\u00e8s administratif.<\/p>\n<h3>Vos droits<\/h3>\n<p>En vertu de la l\u00e9gislation en vigueur, vous avez droit \u00e0<\/p>\n<ul>\n<li>Inspection de vos donn\u00e9es personnelles.<\/li>\n<li>Correction des donn\u00e9es incorrectes ou incompl\u00e8tes.<\/li>\n<li>Suppression de vos donn\u00e9es (droit \u00e0 l&rsquo;oubli), sous r\u00e9serve d&rsquo;une obligation l\u00e9gale.<\/li>\n<li>Limitation du traitement.<\/li>\n<li>S&rsquo;opposer au traitement.<\/li>\n<li>Le retrait de votre consentement \u00e0 tout moment.<\/li>\n<\/ul>\n<p>Pour exercer vos droits, veuillez contacter notre DPD \u00e0 l&rsquo;adresse suivante <a href=\"mailto:dpo@frizzante-tienen.be\">: dpo@frizzante-tienen.be<\/a>.<\/p>\n<p>Vous avez \u00e9galement le droit de vous plaindre aupr\u00e8s de l&rsquo;Autorit\u00e9 de protection des donn\u00e9es (GBA) \u00e0 l&rsquo;adresse suivante <a href=\"https:\/\/www.autoriteprotectiondonnees.be\" target=\"_blank\" rel=\"noopener\">: https:\/\/www.autoriteprotectiondonnees.be<\/a><\/p>\n<h3>Changements<\/h3>\n<p>Cette politique peut \u00eatre modifi\u00e9e \u00e0 tout moment en r\u00e9ponse \u00e0 des changements l\u00e9gislatifs ou \u00e0 des changements dans nos op\u00e9rations de traitement.<\/p>\n<p>Derni\u00e8re mise \u00e0 jour : 16 juin 2025.<\/p>\n<p>[\/et_pb_text][\/et_pb_column][\/et_pb_row][\/et_pb_section]<\/p>\n","protected":false},"excerpt":{"rendered":"<p>Vie priv\u00e9ePolitique de confidentialit\u00e9 Introduction Cette politique de confidentialit\u00e9 vise \u00e0 informer les visiteurs du site web https:\/\/frizzante-tienen.be sur la mani\u00e8re dont leurs donn\u00e9es personnelles sont collect\u00e9es, utilis\u00e9es et prot\u00e9g\u00e9es, [&hellip;]<\/p>\n","protected":false},"author":2,"featured_media":0,"parent":0,"menu_order":0,"comment_status":"closed","ping_status":"closed","template":"","meta":{"_et_pb_use_builder":"on","_et_pb_old_content":"","_et_gb_content_width":"","_price":"","_stock":"","_tribe_ticket_header":"","_tribe_default_ticket_provider":"","_tribe_ticket_capacity":"0","_ticket_start_date":"","_ticket_end_date":"","_tribe_ticket_show_description":"","_tribe_ticket_show_not_going":false,"_tribe_ticket_use_global_stock":"","_tribe_ticket_global_stock_level":"","_global_stock_mode":"","_global_stock_cap":"","_tribe_rsvp_for_event":"","_tribe_ticket_going_count":"","_tribe_ticket_not_going_count":"","_tribe_tickets_list":"[]","_tribe_ticket_has_attendee_info_fields":false,"footnotes":"","_tec_slr_enabled":"","_tec_slr_layout":""},"class_list":["post-2517","page","type-page","status-publish","hentry"],"aioseo_notices":[],"ticketed":false,"_links":{"self":[{"href":"https:\/\/frizzante-tienen.be\/fr\/wp-json\/wp\/v2\/pages\/2517","targetHints":{"allow":["GET"]}}],"collection":[{"href":"https:\/\/frizzante-tienen.be\/fr\/wp-json\/wp\/v2\/pages"}],"about":[{"href":"https:\/\/frizzante-tienen.be\/fr\/wp-json\/wp\/v2\/types\/page"}],"author":[{"embeddable":true,"href":"https:\/\/frizzante-tienen.be\/fr\/wp-json\/wp\/v2\/users\/2"}],"replies":[{"embeddable":true,"href":"https:\/\/frizzante-tienen.be\/fr\/wp-json\/wp\/v2\/comments?post=2517"}],"version-history":[{"count":5,"href":"https:\/\/frizzante-tienen.be\/fr\/wp-json\/wp\/v2\/pages\/2517\/revisions"}],"predecessor-version":[{"id":2539,"href":"https:\/\/frizzante-tienen.be\/fr\/wp-json\/wp\/v2\/pages\/2517\/revisions\/2539"}],"wp:attachment":[{"href":"https:\/\/frizzante-tienen.be\/fr\/wp-json\/wp\/v2\/media?parent=2517"}],"curies":[{"name":"wp","href":"https:\/\/api.w.org\/{rel}","templated":true}]}}