{"id":2511,"date":"2025-06-16T09:31:52","date_gmt":"2025-06-16T07:31:52","guid":{"rendered":"https:\/\/frizzante-tienen.be\/politique-en-matiere-de-cookies\/"},"modified":"2025-07-27T11:53:05","modified_gmt":"2025-07-27T09:53:05","slug":"politique-des-cookies","status":"publish","type":"page","link":"https:\/\/frizzante-tienen.be\/fr\/politique-des-cookies\/","title":{"rendered":"Politique des cookies"},"content":{"rendered":"<p>[et_pb_section fb_built=\u00a0\u00bb1&Prime; module_class=\u00a0\u00bbbanner\u00a0\u00bb _builder_version=\u00a0\u00bb4.27.4&Prime; _module_preset=\u00a0\u00bbdefault\u00a0\u00bb background_image=\u00a0\u00bbhttps:\/\/frizzante-tienen.be\/wp-content\/uploads\/2025\/06\/Frizzante_Tienen-1-scaled.jpg\u00a0\u00bb global_colors_info=\u00a0\u00bb{}\u00a0\u00bb][et_pb_row _builder_version=\u00a0\u00bb4.27.4&Prime; _module_preset=\u00a0\u00bbdefault\u00a0\u00bb global_colors_info=\u00a0\u00bb{}\u00a0\u00bb][et_pb_column type=\u00a0\u00bb4_4&Prime; _builder_version=\u00a0\u00bb4.27.4&Prime; _module_preset=\u00a0\u00bbdefault\u00a0\u00bb global_colors_info=\u00a0\u00bb{}\u00a0\u00bb][et_pb_text _builder_version=\u00a0\u00bb4.27.4&Prime; _module_preset=\u00a0\u00bbdefault\u00a0\u00bb header_text_color=\u00a0\u00bb#FFFFFF\u00a0\u00bb header_font_size=\u00a0\u00bb16em\u00a0\u00bb header_text_align_tablet=\u00a0\u00bb\u00a0\u00bb header_text_align_phone=\u00a0\u00bbcenter\u00a0\u00bb header_text_align_last_edited=\u00a0\u00bbon|desktop\u00a0\u00bb header_font_size_tablet=\u00a0\u00bb16em\u00a0\u00bb header_font_size_phone=\u00a0\u00bb6em\u00a0\u00bb header_font_size_last_edited=\u00a0\u00bbon|phone\u00a0\u00bb text_orientation_phone=\u00a0\u00bbleft\u00a0\u00bb text_orientation_last_edited=\u00a0\u00bboff|phone\u00a0\u00bb global_colors_info=\u00a0\u00bb{}\u00a0\u00bb]<\/p>\n<h1>Cookies<\/h1>\n<p>[\/et_pb_text][\/et_pb_column][\/et_pb_row][\/et_pb_section][et_pb_section fb_built=\u00a0\u00bb1&Prime; _builder_version=\u00a0\u00bb4.27.4&Prime; _module_preset=\u00a0\u00bbdefault\u00a0\u00bb hover_enabled=\u00a0\u00bb0&Prime; global_colors_info=\u00a0\u00bb{}\u00a0\u00bb module_class=\u00a0\u00bbcontenu\u00a0\u00bb sticky_enabled=\u00a0\u00bb0&Prime;][et_pb_row _builder_version=\u00a0\u00bb4.27.4&Prime; _module_preset=\u00a0\u00bbdefault\u00a0\u00bb global_colors_info=\u00a0\u00bb{}\u00a0\u00bb][et_pb_column type=\u00a0\u00bb4_4&Prime; _builder_version=\u00a0\u00bb4.27.4&Prime; _module_preset=\u00a0\u00bbdefault\u00a0\u00bb global_colors_info=\u00a0\u00bb{}\u00a0\u00bb][et_pb_text _builder_version=\u00a0\u00bb4.27.4&Prime; _module_preset=\u00a0\u00bbdefault\u00a0\u00bb global_colors_info=\u00a0\u00bb{}\u00a0\u00bb]<\/p>\n<h2>Politique en mati\u00e8re de cookies<\/h2>\n<h3>Introduction<\/h3>\n<p>Le site web <a href=\"https:\/\/frizzante-tienen.be\/fr\/\">https:\/\/frizzante-tienen.be<\/a> utilise des cookies et des technologies similaires pour am\u00e9liorer l&rsquo;exp\u00e9rience de l&rsquo;utilisateur, assurer le bon fonctionnement du site, analyser le trafic et personnaliser le contenu. Dans cette politique, nous expliquons comment nous utilisons ces technologies. <\/p>\n<h3>Contr\u00f4leur<\/h3>\n<p><strong>CdC Invest BV<\/strong><br \/>Nieuwstraat 8B<br \/>3370 Boutersem<br \/>Belgique<\/p>\n<p>D\u00e9l\u00e9gu\u00e9 \u00e0 la protection des donn\u00e9es (DPD) : Brit de Caluw\u00e9 <a href=\"mailto:dpo@frizzante-tienen.be\">&#8211; dpo@frizzante-tienen.be<\/a><\/p>\n<h3>Qu&rsquo;est-ce qu&rsquo;un cookie&nbsp;?<\/h3>\n<p>Un cookie est un petit fichier texte stock\u00e9 sur votre appareil (ordinateur, tablette, smartphone) lorsque vous visitez un site web. Les cookies permettent, par exemple, de m\u00e9moriser vos pr\u00e9f\u00e9rences, de faciliter la navigation ou d&rsquo;analyser l&rsquo;utilisation du site. <\/p>\n<h3>Quels types de cookies utilisons-nous&nbsp;?<\/h3>\n<p>Nous utilisons diff\u00e9rents types de cookies :<\/p>\n<h4>a) Cookies strictement n\u00e9cessaires<\/h4>\n<p>Ces cookies sont essentiels au fonctionnement du site web, y compris pour :<\/p>\n<ul>\n<li>g\u00e9rer le panier d&rsquo;achat et le processus de commande (WooCommerce),<\/li>\n<li>la m\u00e9morisation des pr\u00e9f\u00e9rences linguistiques (WPML),<\/li>\n<li>la gestion du consentement (Complianz).<\/li>\n<\/ul>\n<p>Exemples :<\/p>\n<ul>\n<li>woocommerce_cart_hash, woocommerce_items_in_cart (WooCommerce)<\/li>\n<li>_icl_visitor_lang_js, wpml_browser_redirect_test (WPML)<\/li>\n<li>cmplz_choice, cmplz_statistics (Complianz)<\/li>\n<\/ul>\n<h4>Cookies statistiques<\/h4>\n<p>Ces cookies collectent des donn\u00e9es anonymes sur l&rsquo;utilisation du site web afin d&rsquo;am\u00e9liorer l&rsquo;exp\u00e9rience de l&rsquo;utilisateur.  <\/p>\n<p>Outil utilis\u00e9 : Google Analytics<br \/>Exemples de cookies : _ga, _gid, _gat<\/p>\n<p>Ces cookies ne sont install\u00e9s qu&rsquo;avec votre consentement explicite.<\/p>\n<h4>c) Cookies pr\u00e9f\u00e9r\u00e9s<\/h4>\n<p>Ces cookies m\u00e9morisent vos choix (langue, r\u00e9gion, param\u00e8tres d&rsquo;affichage).<\/p>\n<h4>d) Cookies marketing (facultatifs)<\/h4>\n<p>Aucun cookie marketing n&rsquo;est actuellement utilis\u00e9 sur ce site. Le cas \u00e9ch\u00e9ant, ils seront utilis\u00e9s pour vous fournir un contenu personnalis\u00e9 ou des publicit\u00e9s cibl\u00e9es par l&rsquo;interm\u00e9diaire de tiers. <\/p>\n<h3>Gestion de votre consentement<\/h3>\n<p>Lors de votre premi\u00e8re visite sur le site, vous serez inform\u00e9 de l&rsquo;utilisation des cookies et pourrez donner ou refuser votre consentement pour chaque cat\u00e9gorie.<\/p>\n<p>Vous pouvez modifier ou retirer votre consentement \u00e0 tout moment via notre [gestionnaire de cookies] int\u00e9gr\u00e9, accessible au bas de chaque page.<\/p>\n<h3>P\u00e9riode de conservation des cookies<\/h3>\n<p>La dur\u00e9e de conservation varie en fonction du type de cookie :<\/p>\n<ul>\n<li>Cookies de session : ils sont supprim\u00e9s d\u00e8s que vous fermez le navigateur.<\/li>\n<li>Cookies permanents : ils sont stock\u00e9s pour une dur\u00e9e maximale de 13 mois.<\/li>\n<\/ul>\n<h3>Vos droits<\/h3>\n<p>Conform\u00e9ment au GDPR, vous disposez des droits suivants :<\/p>\n<ul>\n<li>le droit d&rsquo;acc\u00e8s \u00e0 vos donn\u00e9es personnelles,<\/li>\n<li>droit de rectification ou d&rsquo;effacement,<\/li>\n<li>le droit de restreindre le traitement ou de s&rsquo;y opposer,<\/li>\n<li>le droit de retirer votre consentement \u00e0 tout moment.<\/li>\n<\/ul>\n<p>Pour exercer vos droits, veuillez contacter notre DPD \u00e0 l&rsquo;adresse suivante <a href=\"mailto:dpo@frizzante-tienen.be\">: dpo@frizzante-tienen.be<\/a>.<\/p>\n<h3>Changements<\/h3>\n<p>Nous nous r\u00e9servons le droit de modifier cette politique \u00e0 tout moment pour nous conformer aux changements juridiques ou techniques. Cette version a \u00e9t\u00e9 mise \u00e0 jour pour la derni\u00e8re fois le 16 juin 2025. <\/p>\n<p>[\/et_pb_text][\/et_pb_column][\/et_pb_row][\/et_pb_section]<\/p>\n","protected":false},"excerpt":{"rendered":"<p>CookiesPolitique en mati\u00e8re de cookies Introduction Le site web https:\/\/frizzante-tienen.be utilise des cookies et des technologies similaires pour am\u00e9liorer l&rsquo;exp\u00e9rience de l&rsquo;utilisateur, assurer le bon fonctionnement du site, analyser le [&hellip;]<\/p>\n","protected":false},"author":2,"featured_media":0,"parent":0,"menu_order":0,"comment_status":"closed","ping_status":"closed","template":"","meta":{"_et_pb_use_builder":"on","_et_pb_old_content":"","_et_gb_content_width":"","_price":"","_stock":"","_tribe_ticket_header":"","_tribe_default_ticket_provider":"","_tribe_ticket_capacity":"0","_ticket_start_date":"","_ticket_end_date":"","_tribe_ticket_show_description":"","_tribe_ticket_show_not_going":false,"_tribe_ticket_use_global_stock":"","_tribe_ticket_global_stock_level":"","_global_stock_mode":"","_global_stock_cap":"","_tribe_rsvp_for_event":"","_tribe_ticket_going_count":"","_tribe_ticket_not_going_count":"","_tribe_tickets_list":"[]","_tribe_ticket_has_attendee_info_fields":false,"footnotes":"","_tec_slr_enabled":"","_tec_slr_layout":""},"class_list":["post-2511","page","type-page","status-publish","hentry"],"aioseo_notices":[],"ticketed":false,"_links":{"self":[{"href":"https:\/\/frizzante-tienen.be\/fr\/wp-json\/wp\/v2\/pages\/2511","targetHints":{"allow":["GET"]}}],"collection":[{"href":"https:\/\/frizzante-tienen.be\/fr\/wp-json\/wp\/v2\/pages"}],"about":[{"href":"https:\/\/frizzante-tienen.be\/fr\/wp-json\/wp\/v2\/types\/page"}],"author":[{"embeddable":true,"href":"https:\/\/frizzante-tienen.be\/fr\/wp-json\/wp\/v2\/users\/2"}],"replies":[{"embeddable":true,"href":"https:\/\/frizzante-tienen.be\/fr\/wp-json\/wp\/v2\/comments?post=2511"}],"version-history":[{"count":3,"href":"https:\/\/frizzante-tienen.be\/fr\/wp-json\/wp\/v2\/pages\/2511\/revisions"}],"predecessor-version":[{"id":2514,"href":"https:\/\/frizzante-tienen.be\/fr\/wp-json\/wp\/v2\/pages\/2511\/revisions\/2514"}],"wp:attachment":[{"href":"https:\/\/frizzante-tienen.be\/fr\/wp-json\/wp\/v2\/media?parent=2511"}],"curies":[{"name":"wp","href":"https:\/\/api.w.org\/{rel}","templated":true}]}}